{"id":813,"date":"2025-05-26T14:58:50","date_gmt":"2025-05-26T12:58:50","guid":{"rendered":"https:\/\/alantana.com\/?page_id=813"},"modified":"2025-07-03T09:27:03","modified_gmt":"2025-07-03T07:27:03","slug":"privacy-policy","status":"publish","type":"page","link":"https:\/\/alantana.com\/en\/privacy-policy\/","title":{"rendered":"Privacy Policy"},"content":{"rendered":"\t\t<div data-elementor-type=\"wp-page\" data-elementor-id=\"813\" class=\"elementor elementor-813 elementor-302\" data-elementor-post-type=\"page\">\n\t\t\t\t<div class=\"elementor-element elementor-element-816ea49 e-flex e-con-boxed e-con e-parent\" data-id=\"816ea49\" data-element_type=\"container\">\n\t\t\t\t\t<div class=\"e-con-inner\">\n\t\t\t\t<div class=\"elementor-element elementor-element-3da7aa4 elementor-widget elementor-widget-text-editor\" data-id=\"3da7aa4\" data-element_type=\"widget\" data-widget_type=\"text-editor.default\">\n\t\t\t\t<div class=\"elementor-widget-container\">\n\t\t\t\t\t\t\t\t\t<h2>Allgemein<\/h2><p>Als Betreiber dieser Webseite und als Unternehmen kommen wir mit Ihren personenbezogenen Daten in Kontakt. Gemeint sind alle Daten, die etwas \u00fcber Sie aussagen und mit denen Sie identifiziert werden k\u00f6nnen. In dieser Datenschutzerkl\u00e4rung m\u00f6chten wir Ihnen erl\u00e4utern, in welcher Weise, zu welchem Zweck und auf welcher rechtlichen Grundlage wir Ihre Daten verarbeiten.<\/p><p>F\u00fcr die Datenverarbeitung auf dieser Webseite und in unserem Unternehmen ist verantwortlich:<\/p><p>ALANTANA<br \/>Solothurnerstrasse 121<br \/>4600 Olten, Switzerland<\/p><p>E-Mail: info@alantana.com<\/p><h2>Allgemeine Hinweise<\/h2><div><h3>SSL- bzw. TLS-Verschl\u00fcsselung<\/h3><p>Wenn Sie Ihre Daten auf Webseiten eingeben, Online-Bestellungen aufgeben oder E-Mails \u00fcber das Internet verschicken, m\u00fcssen Sie immer damit rechnen, dass unberechtigte Dritte auf Ihre Daten zugreifen. Einen vollst\u00e4ndigen Schutz vor solchen Zugriffen gibt es nicht. Wir setzen jedoch alles daran, Ihre Daten bestm\u00f6glich zu sch\u00fctzen und die Sicherheitsl\u00fccken zu schlie\u00dfen, soweit es uns m\u00f6glich ist.<\/p><p>Ein wichtiger Schutzmechanismus ist die SSL- bzw. TLS-Verschl\u00fcsselung unserer Webseite, die daf\u00fcr sorgt, dass Daten, die Sie an uns \u00fcbermitteln, nicht von Dritten mitgelesen werden k\u00f6nnen. Sie erkennen die Verschl\u00fcsselung an dem Schloss-Icon vor der eingegebenen Internetadresse in Ihrem Browser und daran, dass unsere Internetadresse mit https:\/\/ beginnt und nicht mit http:\/\/.<\/p><\/div><h3>Wie lange speichern wir Ihre Daten?<\/h3><p>An manchen Stellen in dieser Datenschutzerkl\u00e4rung informieren wir Sie dar\u00fcber, wie lange wir oder die Unternehmen, die Ihre Daten in unserem Auftrag verarbeiten, Ihre Daten speichern. Fehlt eine solche Angabe, speichern wir Ihre Daten, bis der Zweck der Datenverarbeitung entf\u00e4llt, Sie der Datenverarbeitung widersprechen oder Sie Ihre Einwilligung in die Datenverarbeitung widerrufen.<\/p><p>Im Falle eines Widerspruchs oder Widerrufs d\u00fcrfen wir Ihre Daten allerdings weiterverarbeiten, wenn mindestens eine der folgenden Voraussetzungen vorliegt:<\/p><ul><li>Wir haben zwingende schutzw\u00fcrdige Gr\u00fcnde f\u00fcr die Fortsetzung der Datenverarbeitung, die Ihre Interessen, Rechte und Freiheiten \u00fcberwiegen (nur bei Widerspruch gegen die Datenverarbeitung; wenn sich der Widerspruch gegen Direktwerbung richtet, k\u00f6nnen wir keine schutzw\u00fcrdigen Gr\u00fcnde vorbringen).<\/li><li>Die Datenverarbeitung ist erforderlich, um Rechtsanspr\u00fcche geltend zu machen, auszu\u00fcben oder zu verteidigen (gilt nicht, wenn sich Ihr Widerspruch gegen Direktwerbung richtet).<\/li><li>Wir sind gesetzlich verpflichtet, Ihre Daten aufzubewahren.<\/li><\/ul><p>In diesem Fall l\u00f6schen wir Ihre Daten, sobald die Voraussetzung(en) entf\u00e4llt bzw. entfallen.<\/p><h2>Ihre Rechte<\/h2><h3>Widerspruch gegen die Datenverarbeitung<\/h3><p>WENN SIE IN DIESER DATENSCHUTZERKL\u00c4RUNG LESEN, DASS WIR BERECHTIGTE INTERESSEN F\u00dcR DIE VERARBEITUNG IHRER DATEN HABEN UND DIESE DESHALB AUF ART. 6 ABS. 1 SATZ 1 LIT. F) DSGVO ST\u00dcTZEN, HABEN SIE NACH ART. 21 DSGVO DAS RECHT, WIDERSPRUCH DAGEGEN EINZULEGEN. DAS GILT AUCH F\u00dcR EIN PROFILING, DAS AUF GRUNDLAGE DER GENANNTEN VORSCHRIFT ERFOLGT. VORAUSSETZUNG IST, DASS SIE GR\u00dcNDE F\u00dcR DEN WIDERSPRUCH ANF\u00dcHREN, DIE SICH AUS IHRER BESONDEREN SITUATION ERGEBEN. EINE BEGR\u00dcNDUNG IST NICHT ERFORDERLICH, WENN SICH DER WIDERSPRUCH GEGEN DIE NUTZUNG IHRER DATEN ZUR DIREKTWERBUNG RICHTET.<\/p><p>FOLGE DES WIDERSPRUCHS IST, DASS WIR IHRE DATEN NICHT MEHR VERARBEITEN D\u00dcRFEN. DAS GILT NUR DANN NICHT, WENN EINE DER FOLGENDEN VORAUSSETZUNGEN VORLIEGT:<\/p><ul><li>WIR K\u00d6NNEN ZWINGENDE SCHUTZW\u00dcRDIGE GR\u00dcNDE F\u00dcR DIE VERARBEITUNG NACHWEISEN, DIE IHRE INTERESSEN, RECHTE UND FREIHEITEN \u00dcBERWIEGEN.<\/li><li>DIE VERARBEITUNG DIENT DER GELTENDMACHUNG, AUS\u00dcBUNG ODER VERTEIDIGUNG VON RECHTSANSPR\u00dcCHEN.<\/li><\/ul><p>DIE AUSNAHMEN GELTEN NICHT, WENN SICH IHR WIDERSPRUCH GEGEN DIREKTWERBUNG RICHTET ODER GEGEN EIN PROFILING, DAS MIT DIESER IN VERBINDUNG STEHT.<\/p><h3>Weitere Rechte<\/h3><h4>Widerruf Ihrer Einwilligung zur Datenverarbeitung<\/h4><p>Viele Datenverarbeitungsvorg\u00e4nge erfolgen auf der Grundlage Ihrer Einwilligung. Diese erteilen Sie z. B. dadurch, dass Sie bei Online-Formularen ein entsprechendes H\u00e4kchen setzen, bevor Sie das Formular versenden, oder indem Sie bestimmte Cookies zulassen, wenn Sie unsere Webseite besuchen. Sie k\u00f6nnen Ihre Einwilligung jederzeit ohne Angabe von Gr\u00fcnden widerrufen (Art. 7 Abs. 3 DSGVO). Ab dem Zeitpunkt des Widerrufs d\u00fcrfen wir Ihre Daten dann nicht mehr verarbeiten. Einzige Ausnahme: Wir sind gesetzlich verpflichtet, die Daten eine bestimmte Zeit lang aufzubewahren. Solche Aufbewahrungsfristen gibt es insbesondere im Steuer- und Handelsrecht.<\/p><h4>Recht zur Beschwerde bei der zust\u00e4ndigen Aufsichtsbeh\u00f6rde<\/h4><p>Wenn Sie der Auffassung sind, dass wir gegen die Datenschutzgrundverordnung (DSGVO) versto\u00dfen, haben Sie nach Art. 77 DSGVO das Recht, sich bei einer Aufsichtsbeh\u00f6rde zu beschweren. Sie k\u00f6nnen sich an eine Aufsichtsbeh\u00f6rde in dem Mitgliedstaat Ihres Aufenthaltsorts, Ihres Arbeitsplatzes oder des Ortes wenden, an dem der mutma\u00dfliche Versto\u00df stattgefunden hat. Das Beschwerderecht besteht neben verwaltungsrechtlichen oder gerichtlichen Rechtsbehelfen.<\/p><h4>Recht auf Daten\u00fcbertragbarkeit<\/h4><p>Daten, die wir auf Grundlage Ihrer Einwilligung oder in Erf\u00fcllung eines Vertrages automatisiert verarbeiten, m\u00fcssen wir Ihnen oder einem Dritten in einem g\u00e4ngigen maschinenlesbaren Format aush\u00e4ndigen, wenn Sie das verlangen. An einen anderen Verantwortlichen k\u00f6nnen wir die Daten nur \u00fcbertragen, soweit dies technisch m\u00f6glich ist.<\/p><h4>Recht auf Datenauskunft, -l\u00f6schung und -berichtigung<\/h4><p>Sie haben nach Art. 15 DSGVO das Recht, unentgeltlich Auskunft dar\u00fcber zu erhalten, welche personenbezogenen Daten wir von Ihnen gespeichert haben, wo die Daten herkommen, an wen wir die Daten \u00fcbermitteln und zu welchem Zweck sie gespeichert werden. Sollten die Daten falsch sein, haben Sie ein Recht auf Berichtigung (Art. 16 DSGVO), unter den Voraussetzungen des Art. 17 DSGVO d\u00fcrfen Sie verlangen, dass wir die Daten l\u00f6schen.<\/p><h4>Recht auf Einschr\u00e4nkung der Verarbeitung<\/h4><p>In bestimmten Situationen k\u00f6nnen Sie nach Art. 18 DSGVO von uns verlangen, dass wir die Verarbeitung Ihrer Daten einschr\u00e4nken. Die Daten d\u00fcrfen dann \u2013 von der Speicherung abgesehen \u2013 nur noch wie folgt verarbeitet werden:<\/p><ul><li>mit Ihrer Einwilligung<\/li><li>zur Geltendmachung, Aus\u00fcbung oder Verteidigung von Rechtsanspr\u00fcchen<\/li><li>zum Schutz der Rechte einer anderen nat\u00fcrlichen oder juristischen Person<\/li><li>aus Gr\u00fcnden eines wichtigen \u00f6ffentlichen Interesses der Europ\u00e4ischen Union oder eines Mitgliedstaates<\/li><\/ul><p>Das Recht auf Einschr\u00e4nkung der Verarbeitung besteht in den folgenden Situationen:<\/p><ul><li>Sie haben die Richtigkeit Ihrer bei uns gespeicherten personenbezogenen Daten bestritten und wir ben\u00f6tigen Zeit, um dies zu \u00fcberpr\u00fcfen. Hier besteht das Recht f\u00fcr die Dauer der Pr\u00fcfung.<\/li><li>Die Verarbeitung Ihrer personenbezogenen Daten erfolgt zu Unrecht oder war in der Vergangenheit unrechtm\u00e4\u00dfig. Hier besteht das Recht alternativ zur L\u00f6schung der Daten.<\/li><li>Wir ben\u00f6tigen Ihre personenbezogenen Daten nicht mehr, Sie ben\u00f6tigen sie jedoch zur Aus\u00fcbung, Verteidigung oder Geltendmachung von Rechtsanspr\u00fcchen. Hier besteht das Recht alternativ zur L\u00f6schung der Daten.<\/li><li>Sie haben Widerspruch nach Art. 21 Abs. 1 DSGVO eingelegt und nun m\u00fcssen Ihre und unsere Interessen gegeneinander abgewogen werden. Hier besteht das Recht, solange das Ergebnis der Abw\u00e4gung noch nicht feststeht.<\/li><\/ul><div><h2>Hosting und Content Delivery Networks (CDN)<\/h2><\/div><div><h3>Externes Hosting<\/h3><p>Unsere Website liegt auf einem Server des folgenden Anbieters f\u00fcr Internetdienste (Hosters):<\/p><\/div><div>\u00a0<\/div><div>Metanet<br \/>Josefstrasse 218<br \/>CH-8005 Z\u00fcrich<\/div><div><h4>Wurde ein Vertrag \u00fcber Auftragsverarbeitung mit dem Hoster geschlossen oder werden Standardvertragsklauseln (SCC) eingesetzt?<\/h4><p>Ja<\/p><h4>Wie verarbeiten wir Ihre Daten?<\/h4><p>Der Hoster speichert alle Daten unserer Webseite. Dazu geh\u00f6ren auch alle personenbezogenen Daten, die automatisch oder durch Ihre Eingabe erfasst werden. Das k\u00f6nnen insbesondere sein: Ihre IP-Adresse, aufgerufene Seiten, Namen, Kontaktdaten und -anfragen sowie Meta- und Kommunikationsdaten. Bei der Datenverarbeitung h\u00e4lt sich unser Hoster an unsere Weisungen und verarbeitet die Daten stets nur insoweit, als dies erforderlich ist, um die Leistungspflicht uns gegen\u00fcber zu erf\u00fcllen.<\/p><h4>Auf welcher Rechtsgrundlage verarbeiten wir Ihre Daten?<\/h4><p>Da wir \u00fcber unsere Webseite potenzielle Kunden ansprechen und Kontakte zu bestehenden Kunden pflegen, dient die Datenverarbeitung durch unseren Hoster der Vertragsanbahnung und -erf\u00fcllung und beruht daher auf Art. 6 Abs. 1 lit. b) DSGVO. Dar\u00fcber hinaus ist es unser berechtigtes Interesse als Unternehmen, ein professionelles Internetangebot bereitzustellen, das die n\u00f6tigen Anforderungen an Sicherheit, Geschwindigkeit und Effizienz erf\u00fcllt. Insoweit verarbeiten wir Ihre Daten au\u00dferdem auf der Grundlage von Art. 6 Abs. 1 lit. f) DSGVO.<\/p><\/div><h2>Datenerfassung auf dieser Website<\/h2><div><h2>Verwendung von Cookies<\/h2><p>Unsere Webseite platziert Cookies auf Ihrem Ger\u00e4t. Dabei handelt es sich um kleine Textdateien, mit denen unterschiedliche Zwecke verfolgt werden. Manche Cookies sind technisch notwendig, damit die Webseite \u00fcberhaupt funktioniert (notwendige Cookies). Andere werden ben\u00f6tigt, um bestimmte Aktionen oder Funktionen auf der Site ausf\u00fchren zu k\u00f6nnen (funktionale Cookies). So w\u00e4re es beispielsweise ohne Cookies nicht m\u00f6glich, die Vorz\u00fcge eines Warenkorbs in einem Online-Shop zu nutzen. Wieder andere Cookies dienen dazu, das Nutzerverhalten zu analysieren oder Werbema\u00dfnahmen zu optimieren. Wenn wir Dienstleistungen Dritter auf unserer Website nutzen, z. B. zur Abwicklung von Zahlungsvorg\u00e4ngen, k\u00f6nnen auch diese Unternehmen Cookies auf Ihrem Ger\u00e4t hinterlassen, wenn Sie die Website aufrufen (sog. Third-Party-Cookies).<\/p><h4>Wie verarbeiten wir Ihre Daten?<\/h4><p>Session-Cookies werden nur f\u00fcr die Dauer einer Sitzung auf Ihrem Ger\u00e4t gespeichert. Sobald Sie den Browser schlie\u00dfen, verschwinden sie also von selbst. Permanent-Cookies bleiben dagegen auf Ihrem Ger\u00e4t, wenn Sie sie nicht selbst l\u00f6schen. Das kann z.B. dazu f\u00fchren, dass Ihr Nutzerverhalten dauerhaft analysiert wird. Sie k\u00f6nnen \u00fcber die Einstellungen in Ihrem Browser Einfluss darauf nehmen, wie er mit Cookies umgeht:<\/p><ul><li>Wollen Sie informiert werden, wenn Cookies gesetzt werden?<\/li><li>Wollen Sie Cookies generell oder f\u00fcr bestimmte F\u00e4lle ausschlie\u00dfen?<\/li><li>Wollen Sie, dass Cookies beim Schlie\u00dfen des Browsers automatisch gel\u00f6scht werden?<\/li><\/ul><p>Wenn Sie Cookies deaktivieren bzw. nicht zulassen, kann die Funktionalit\u00e4t der Webseite eingeschr\u00e4nkt sein.<\/p><p>Sofern wir Cookies von anderen Unternehmen oder zu Analysezwecken einsetzen, informieren wir Sie hier\u00fcber im Rahmen dieser Datenschutzerkl\u00e4rung. Auch fragen wir diesbez\u00fcglich Ihre Einwilligung ab, wenn Sie unsere Webseite aufrufen.<\/p><h4>Auf welcher Rechtsgrundlage verarbeiten wir Ihre Daten?<\/h4><p>Wir haben ein berechtigtes Interesse daran, dass unsere Online-Angebote ohne technische Probleme von den Besuchern genutzt werden k\u00f6nnen und ihnen alle gew\u00fcnschten Funktionen zur Verf\u00fcgung stehen. Die Speicherung notwendiger und funktionaler Cookies auf Ihrem Ger\u00e4t erfolgt daher auf der Grundlage von Art. 6 Abs. 1 lit. f) DSGVO. Alle anderen Cookies setzen wir auf der Grundlage von Art. 6 Abs. 1 lit. a) DSGVO ein, sofern Sie uns eine entsprechende Einwilligung erteilen. Diese k\u00f6nnen Sie jederzeit mit Wirkung f\u00fcr die Zukunft widerrufen. Haben Sie bei der Abfrage der Einwilligung in die Platzierung notwendiger und funktionaler Cookies eingewilligt, erfolgt auch die Speicherung dieser Cookies ausschlie\u00dflich auf der Grundlage Ihrer Einwilligung.<\/p><\/div><h2>Server-Log-Dateien<\/h2><p>Server-Log-Dateien protokollieren alle Anfragen und Zugriffe auf unsere Webseite und halten Fehlermeldungen fest. Sie umfassen auch personenbezogene Daten, insbesondere Ihre IP-Adresse. Diese wird allerdings schon nach kurzer Zeit vom Provider anonymisiert, sodass wir die Daten nicht Ihrer Person zuordnen k\u00f6nnen. Die Daten werden automatisch von Ihrem Browser an unseren Provider \u00fcbermittelt.<\/p><h4>Wie verarbeiten wir Ihre Daten?<\/h4><p>Unser Provider speichert die Server-Log-Dateien, um die Aktivit\u00e4ten auf unserer Webseite nachvollziehen zu k\u00f6nnen und Fehler ausfindig zu machen. Die Dateien enthalten die folgenden Daten:<\/p><ul><li>Browsertyp und -version<\/li><li>verwendetes Betriebssystem<\/li><li>Referrer-URL<\/li><li>Hostname des zugreifenden Rechners<\/li><li>Uhrzeit der Serveranfrage<\/li><li>IP-Adresse (ggf. anonymisiert)<\/li><\/ul><p>Wir f\u00fchren diese Daten nicht mit anderen Daten zusammen, sondern nutzen sie lediglich f\u00fcr die statistische Auswertung und zur Verbesserung unserer Website.<\/p><h4>Auf welcher Rechtsgrundlage verarbeiten wir Ihre Daten?<\/h4><p>Wir haben ein berechtigtes Interesse daran, dass unsere Webseite fehlerfrei l\u00e4uft. Auch ist es unser berechtigtes Interesse, einen anonymisierten \u00dcberblick \u00fcber die Zugriffe auf unsere Webseite zu erhalten. Die Datenverarbeitung ist deshalb gem\u00e4\u00df Art. 6 Abs. 1 lit. f) DSGVO rechtm\u00e4\u00dfig.<\/p><div><h3>Anfrage per E-Mail, Telefon oder Telefax<\/h3><\/div><div><p>Sie k\u00f6nnen uns per E-Mail oder Telefax eine Nachricht zukommen lassen oder uns anrufen.<\/p><h4>Wie verarbeiten wir Ihre Daten?<\/h4><p>Wir speichern Ihre Nachricht sowie Ihre selbst gemachten Kontaktangaben bzw. die \u00fcbermittelte Telefonnummer, um Ihre Anfrage inklusive Anschlussfragen bearbeiten zu k\u00f6nnen. Ohne Ihre Einwilligung geben wir die Daten nicht an andere Personen weiter.<\/p><h4>Wie lange speichern wir Ihre Daten?<\/h4><p>Wir l\u00f6schen Ihre Daten, sobald einer der folgenden Punkte eintritt:<\/p><ul><li>Ihre Anfrage wurde abschlie\u00dfend bearbeitet.<\/li><li>Sie fordern uns zur L\u00f6schung der Daten auf.<\/li><li>Sie widerrufen Ihre Einwilligung zur Speicherung.<\/li><\/ul><p>Das gilt nur dann nicht, wenn wir gesetzlich dazu verpflichtet sind, die Daten aufzubewahren.<\/p><h4>Auf welcher Rechtsgrundlage verarbeiten wir Ihre Daten?<\/h4><p>Sofern Ihre Anfrage mit unserer vertraglichen Beziehung in Zusammenhang steht oder der Durchf\u00fchrung vorvertraglicher Ma\u00dfnahmen dient, verarbeiten wir Ihre Daten auf der Grundlage von Art. 6 Abs. 1 lit. b) DSGVO. In allen anderen F\u00e4llen ist es unser berechtigtes Interesse, an uns gerichtete Anfragen effektiv zu bearbeiten. Rechtsgrundlage der Datenverarbeitung ist somit Art. 6 Abs. 1 lit. f) DSGVO. Haben Sie in die Speicherung Ihrer Daten eingewilligt, ist Art. 6 Abs. 1 lit. a) DSGVO die Rechtsgrundlage. In diesem Fall k\u00f6nnen Sie Ihre Einwilligung jederzeit mit Wirkung f\u00fcr die Zukunft widerrufen.<\/p><\/div><div><h2>Plugins und Tools<\/h2><\/div><div><h3>Google Fonts (lokales Hosting)<\/h3><p>Wir setzen auf unserer Webseite Schriften des US-amerikanischen Unternehmens Google ein. Die Schriften haben wir lokal installiert, sodass keine Verbindung zu den Servern von Google stattfindet, wenn Sie unsere Website besuchen.<\/p><p>Weitere Informationen zu den Google Fonts finden Sie unter\u00a0<a href=\"https:\/\/developers.google.com\/fonts\/faq\" target=\"_blank\" rel=\"noopener noreferrer nofollow\">https:\/\/developers.google.com\/fonts\/faq<\/a>\u00a0und in der Datenschutzerkl\u00e4rung von Google:<a href=\"https:\/\/policies.google.com\/privacy?hl=de.\" target=\"_blank\" rel=\"noopener noreferrer nofollow\"> https:\/\/policies.google.com\/privacy?hl=de.<\/a><\/p><\/div><div><h4>Wie verarbeiten wir Ihre Daten?<\/h4><p>Mit Friendly Captcha \u00fcberpr\u00fcfen wir, ob Daten, die auf unserer Webseite in Formulare eingegeben werden, von einem Menschen stammen oder von einem Computer. F\u00fcr Sie hei\u00dft das, dass das Test-Tool Ihr Verhalten als Besucher unserer Webseite anhand verschiedener Merkmale analysiert. Die Analyse beginnt nicht erst, wenn Sie das Test-Tool nutzen, sondern bereits dann, wenn Sie unsere Webseite aufrufen. Erfasst werden diverse Daten, z.B. die IP-Adresse, die Verweildauer auf unserer Webseite und get\u00e4tigte Mausbewegungen.<\/p><h4>Auf welcher Rechtsgrundlage verarbeiten wir Ihre Daten?<\/h4><p>Als Unternehmen haben wir ein berechtigtes Interesse daran, unsere Webangebote vor Spam und missbr\u00e4uchlicher Aussp\u00e4hung zu sch\u00fctzen. Die Datenverarbeitung ist daher nach Art. 6 Abs. 1 lit. f) DSGVO rechtm\u00e4\u00dfig.<\/p><p>Haben Sie in die Datenverarbeitung eingewilligt, verarbeiten wir Ihre Daten ausschlie\u00dflich auf Grundlage von Art. 6 Abs. 1 lit. a) DSGVO. Sie k\u00f6nnen Ihre Einwilligung jederzeit widerrufen. Ab dem Zeitpunkt des Widerrufs d\u00fcrfen wir Ihre Daten nicht mehr verarbeiten.<\/p><\/div><div><h3>Elementor<\/h3><h4>Was ist Elementor?<\/h4><p>Plugin zur Erstellung von Webseiten<\/p><h4>Wer verarbeitet Ihre Daten?<\/h4><p>Elementor 8 THE GRN STE A DOVER, DE 19901 USA<\/p><h4>Wo finden Sie weitere Informationen \u00fcber den Datenschutz bei Elementor ?<\/h4><p><a href=\"https:\/\/elementor.com\/about\/privacy\/\" target=\"_blank\" rel=\"noopener noreferrer nofollow\">https:\/\/elementor.com\/about\/privacy\/<\/a><\/p><h4>Auf welcher Grundlage \u00fcbertragen wir Ihre Daten in die USA?<\/h4><p>Elementor h\u00e4lt sich an die Standardvertragsklauseln der Europ\u00e4ischen Kommission (vgl.\u00a0<a href=\"https:\/\/elementor.com\/about\/privacy\/\" target=\"_blank\" rel=\"noopener noreferrer nofollow\">https:\/\/elementor.com\/about\/privacy\/<\/a>)<\/p><h4>Wie verarbeiten wir Ihre Daten?<\/h4><p>Wir setzen auf unserer Webseite das Plugin von \u201eElementor Website Builder for WordPress\u201c ein. Dieses Plugin verarbeitet keine personenbezogenen Daten. Mit Hilfe von Cookies wird jedoch die Anzahl der Seitenaufrufe und aktiven Sitzungen des Nutzers gespeichert.<\/p><h4>Auf welcher Rechtsgrundlage verarbeiten wir Ihre Daten?<\/h4><p>Mit der Einbindung vom Elementor-Plugin m\u00f6chten wir unsere Webseite sowie unsere Dienste und Angebote ansprechender gestalten. Dies ist unser berechtigtes Interesse als Unternehmen und damit rechtm\u00e4\u00dfig nach Art. 6 Abs. 1 lit. f) DSGVO.<\/p><\/div>\t\t\t\t\t\t\t\t<\/div>\n\t\t\t\t<\/div>\n\t\t\t\t\t<\/div>\n\t\t\t\t<\/div>\n\t\t\t\t<\/div>\n\t\t","protected":false},"excerpt":{"rendered":"","protected":false},"author":1,"featured_media":0,"parent":0,"menu_order":0,"comment_status":"closed","ping_status":"closed","template":"","meta":{"_acf_changed":false,"footnotes":""},"class_list":["post-813","page","type-page","status-publish","hentry"],"acf":[],"_links":{"self":[{"href":"https:\/\/alantana.com\/en\/wp-json\/wp\/v2\/pages\/813","targetHints":{"allow":["GET"]}}],"collection":[{"href":"https:\/\/alantana.com\/en\/wp-json\/wp\/v2\/pages"}],"about":[{"href":"https:\/\/alantana.com\/en\/wp-json\/wp\/v2\/types\/page"}],"author":[{"embeddable":true,"href":"https:\/\/alantana.com\/en\/wp-json\/wp\/v2\/users\/1"}],"replies":[{"embeddable":true,"href":"https:\/\/alantana.com\/en\/wp-json\/wp\/v2\/comments?post=813"}],"version-history":[{"count":1,"href":"https:\/\/alantana.com\/en\/wp-json\/wp\/v2\/pages\/813\/revisions"}],"predecessor-version":[{"id":814,"href":"https:\/\/alantana.com\/en\/wp-json\/wp\/v2\/pages\/813\/revisions\/814"}],"wp:attachment":[{"href":"https:\/\/alantana.com\/en\/wp-json\/wp\/v2\/media?parent=813"}],"curies":[{"name":"wp","href":"https:\/\/api.w.org\/{rel}","templated":true}]}}